{"id":4426,"date":"2025-05-24T16:32:28","date_gmt":"2025-05-24T20:32:28","guid":{"rendered":"https:\/\/fuzionms.com\/?page_id=4426"},"modified":"2025-08-05T18:51:58","modified_gmt":"2025-08-05T22:51:58","slug":"roll-up-banners","status":"publish","type":"page","link":"https:\/\/fuzionms.com\/en\/roll-up-banners\/","title":{"rendered":"Roll-up banners"},"content":{"rendered":"\t\t<div data-elementor-type=\"wp-page\" data-elementor-id=\"4426\" class=\"elementor elementor-4426 elementor-515\" data-elementor-post-type=\"page\">\n\t\t\t\t<div class=\"elementor-element elementor-element-74b4a6a e-con-full e-flex e-con e-parent\" data-id=\"74b4a6a\" data-element_type=\"container\">\n\t\t\t\t<div class=\"elementor-element elementor-element-a3cf9f4 elementor-invisible elementor-widget elementor-widget-heading\" data-id=\"a3cf9f4\" data-element_type=\"widget\" data-settings=\"{&quot;_animation&quot;:&quot;fadeInDown&quot;}\" data-widget_type=\"heading.default\">\n\t\t\t\t\t<h1 class=\"elementor-heading-title elementor-size-default\"><strong><em>Roll-ups<\/em><\/strong> banners<\/h1>\t\t\t\t<\/div>\n\t\t\t\t<div class=\"elementor-element elementor-element-bb285ed elementor-widget__width-initial elementor-invisible elementor-widget elementor-widget-text-editor\" data-id=\"bb285ed\" data-element_type=\"widget\" data-settings=\"{&quot;_animation&quot;:&quot;fadeIn&quot;,&quot;_animation_delay&quot;:200}\" data-widget_type=\"text-editor.default\">\n\t\t\t\t\t\t\t\t\t<p>A rollup is a freestanding advertising display consisting of a wide strip of fabric or other material with printed content on it and a base in which the banner can be rolled up, making it easy to transport.<\/p><p>Inexpensive and very lightweight, this type of product is just perfect for your next event on the go or to add a little promotion or novelty to your trade show booth.<\/p>\t\t\t\t\t\t\t\t<\/div>\n\t\t\t\t<div class=\"elementor-element elementor-element-6b01b2e elementor-invisible elementor-widget elementor-widget-button\" data-id=\"6b01b2e\" data-element_type=\"widget\" data-settings=\"{&quot;_animation&quot;:&quot;fadeInUp&quot;,&quot;_animation_delay&quot;:400}\" data-widget_type=\"button.default\">\n\t\t\t\t\t\t\t\t\t\t<a class=\"elementor-button elementor-button-link elementor-size-sm\" href=\"https:\/\/fuzionms.com\/en\/contact\/\">\n\t\t\t\t\t\t<span class=\"elementor-button-content-wrapper\">\n\t\t\t\t\t\t\t\t\t<span class=\"elementor-button-text\">Contact us<\/span>\n\t\t\t\t\t<\/span>\n\t\t\t\t\t<\/a>\n\t\t\t\t\t\t\t\t<\/div>\n\t\t<div class=\"elementor-element elementor-element-0e58cdb e-flex e-con-boxed e-con e-child\" data-id=\"0e58cdb\" data-element_type=\"container\" data-settings=\"{&quot;motion_fx_motion_fx_mouse&quot;:&quot;yes&quot;,&quot;motion_fx_mouseTrack_effect&quot;:&quot;yes&quot;,&quot;motion_fx_mouseTrack_speed&quot;:{&quot;unit&quot;:&quot;px&quot;,&quot;size&quot;:0.4,&quot;sizes&quot;:[]},&quot;motion_fx_motion_fx_scrolling&quot;:&quot;yes&quot;,&quot;motion_fx_devices&quot;:[&quot;desktop&quot;,&quot;laptop&quot;,&quot;tablet&quot;,&quot;mobile&quot;]}\">\n\t\t\t\t\t<div class=\"e-con-inner\">\n\t\t\t\t<div class=\"elementor-element elementor-element-916f5fe elementor-invisible elementor-widget elementor-widget-image\" data-id=\"916f5fe\" data-element_type=\"widget\" data-settings=\"{&quot;_animation&quot;:&quot;fadeInUp&quot;,&quot;_animation_delay&quot;:200}\" data-widget_type=\"image.default\">\n\t\t\t\t\t\t\t\t\t\t\t\t\t\t\t<img alt=\"\" fetchpriority=\"high\" decoding=\"async\" width=\"704\" height=\"1024\" src=\"https:\/\/fuzionms.com\/wp-content\/uploads\/2025\/05\/One.webp\" class=\"attachment-large size-large wp-image-4023\" alt=\"\" srcset=\"https:\/\/fuzionms.com\/wp-content\/uploads\/2025\/05\/One.webp 704w, https:\/\/fuzionms.com\/wp-content\/uploads\/2025\/05\/One-600x873.webp 600w, https:\/\/fuzionms.com\/wp-content\/uploads\/2025\/05\/One-206x300.webp 206w\" sizes=\"(max-width: 704px) 100vw, 704px\" \/>\t\t\t\t\t\t\t\t\t\t\t\t\t\t\t<\/div>\n\t\t\t\t<div class=\"elementor-element elementor-element-3ba2174 elementor-invisible elementor-widget elementor-widget-image\" data-id=\"3ba2174\" data-element_type=\"widget\" data-settings=\"{&quot;_animation&quot;:&quot;rubberBand&quot;,&quot;_animation_delay&quot;:400}\" data-widget_type=\"image.default\">\n\t\t\t\t\t\t\t\t\t\t\t\t\t\t\t<img alt=\"\" decoding=\"async\" width=\"704\" height=\"1024\" src=\"https:\/\/fuzionms.com\/wp-content\/uploads\/2025\/05\/Axis.webp\" class=\"attachment-large size-large wp-image-4024\" alt=\"\" srcset=\"https:\/\/fuzionms.com\/wp-content\/uploads\/2025\/05\/Axis.webp 704w, https:\/\/fuzionms.com\/wp-content\/uploads\/2025\/05\/Axis-600x873.webp 600w, https:\/\/fuzionms.com\/wp-content\/uploads\/2025\/05\/Axis-206x300.webp 206w\" sizes=\"(max-width: 704px) 100vw, 704px\" \/>\t\t\t\t\t\t\t\t\t\t\t\t\t\t\t<\/div>\n\t\t\t\t<div class=\"elementor-element elementor-element-41c435d elementor-invisible elementor-widget elementor-widget-image\" data-id=\"41c435d\" data-element_type=\"widget\" data-settings=\"{&quot;_animation&quot;:&quot;fadeInUp&quot;,&quot;_animation_delay&quot;:200}\" data-widget_type=\"image.default\">\n\t\t\t\t\t\t\t\t\t\t\t\t\t\t\t<img alt=\"\" decoding=\"async\" width=\"664\" height=\"1024\" src=\"https:\/\/fuzionms.com\/wp-content\/uploads\/2025\/05\/Porte-banniere-sprint-664x1024.webp\" class=\"attachment-large size-large wp-image-4040\" alt=\"\" srcset=\"https:\/\/fuzionms.com\/wp-content\/uploads\/2025\/05\/Porte-banniere-sprint-664x1024.webp 664w, https:\/\/fuzionms.com\/wp-content\/uploads\/2025\/05\/Porte-banniere-sprint-600x926.webp 600w, https:\/\/fuzionms.com\/wp-content\/uploads\/2025\/05\/Porte-banniere-sprint-194x300.webp 194w, https:\/\/fuzionms.com\/wp-content\/uploads\/2025\/05\/Porte-banniere-sprint.webp 704w\" sizes=\"(max-width: 664px) 100vw, 664px\" \/>\t\t\t\t\t\t\t\t\t\t\t\t\t\t\t<\/div>\n\t\t\t\t\t<\/div>\n\t\t\t\t<\/div>\n\t\t<div class=\"elementor-element elementor-element-2f5794a e-con-full e-flex e-con e-child\" data-id=\"2f5794a\" data-element_type=\"container\">\n\t\t<div class=\"elementor-element elementor-element-727e083 e-con-full e-flex e-con e-child\" data-id=\"727e083\" data-element_type=\"container\" data-settings=\"{&quot;background_background&quot;:&quot;classic&quot;}\">\n\t\t\t\t<div class=\"elementor-element elementor-element-2457a0f elementor-invisible elementor-widget elementor-widget-heading\" data-id=\"2457a0f\" data-element_type=\"widget\" data-settings=\"{&quot;_animation&quot;:&quot;fadeInDown&quot;}\" data-widget_type=\"heading.default\">\n\t\t\t\t\t<span class=\"elementor-heading-title elementor-size-default\"><a href=\"https:\/\/fuzionms.com\/en\/product\/one\/\">One<\/a><\/span>\t\t\t\t<\/div>\n\t\t\t\t<div class=\"elementor-element elementor-element-1b478e9 elementor-invisible elementor-widget elementor-widget-heading\" data-id=\"1b478e9\" data-element_type=\"widget\" data-settings=\"{&quot;_animation&quot;:&quot;fadeInDown&quot;}\" data-widget_type=\"heading.default\">\n\t\t\t\t\t<h2 class=\"elementor-heading-title elementor-size-default\">The <strong>economical <br><em>roll-up without compromise<\/em><\/strong>\n<\/h2>\t\t\t\t<\/div>\n\t\t\t\t<div class=\"elementor-element elementor-element-2a7a662 elementor-invisible elementor-widget elementor-widget-text-editor\" data-id=\"2a7a662\" data-element_type=\"widget\" data-settings=\"{&quot;_animation&quot;:&quot;fadeIn&quot;,&quot;_animation_delay&quot;:200}\" data-widget_type=\"text-editor.default\">\n\t\t\t\t\t\t\t\t\t<p>The assurance of buying a reliable solution at the best price, without compromising on quality. The 3-piece pole is non-telescoping and stores in the housing. This high quality scrolling banner has a clip-on hanger at the top for easy visual restocking.<\/p><ul><li>Several sizes: 23\u2033, 31.5\u2033, 43\u2033, 47\u2033<\/li><li>Single or double sided<\/li><li>Option to add an LED light on top<\/li><li>Simple image change (ECI)<\/li><li>Carrying case included<\/li><\/ul>\t\t\t\t\t\t\t\t<\/div>\n\t\t\t\t<div class=\"elementor-element elementor-element-8c692f7 elementor-invisible elementor-widget elementor-widget-button\" data-id=\"8c692f7\" data-element_type=\"widget\" data-settings=\"{&quot;_animation&quot;:&quot;fadeInUp&quot;,&quot;_animation_delay&quot;:400}\" data-widget_type=\"button.default\">\n\t\t\t\t\t\t\t\t\t\t<a class=\"elementor-button elementor-button-link elementor-size-sm\" href=\"https:\/\/fuzionms.com\/en\/product\/one\/\">\n\t\t\t\t\t\t<span class=\"elementor-button-content-wrapper\">\n\t\t\t\t\t\t\t\t\t<span class=\"elementor-button-text\">Buy this product<\/span>\n\t\t\t\t\t<\/span>\n\t\t\t\t\t<\/a>\n\t\t\t\t\t\t\t\t<\/div>\n\t\t\t\t<\/div>\n\t\t<a class=\"elementor-element elementor-element-78fd69b e-con-full e-flex elementor-invisible e-con e-child\" data-id=\"78fd69b\" data-element_type=\"container\" data-settings=\"{&quot;animation&quot;:&quot;fadeIn&quot;,&quot;animation_delay&quot;:200}\" href=\"https:\/\/fuzionms.com\/en\/product\/one\/\">\n\t\t\t\t<div class=\"elementor-element elementor-element-009219e elementor-invisible elementor-widget elementor-widget-image\" data-id=\"009219e\" data-element_type=\"widget\" data-settings=\"{&quot;_animation&quot;:&quot;fadeIn&quot;,&quot;_animation_delay&quot;:200}\" data-widget_type=\"image.default\">\n\t\t\t\t\t\t\t\t\t\t\t\t\t\t\t<img alt=\"\" fetchpriority=\"high\" decoding=\"async\" width=\"704\" height=\"1024\" src=\"https:\/\/fuzionms.com\/wp-content\/uploads\/2025\/05\/One.webp\" class=\"attachment-large size-large wp-image-4023\" alt=\"\" srcset=\"https:\/\/fuzionms.com\/wp-content\/uploads\/2025\/05\/One.webp 704w, https:\/\/fuzionms.com\/wp-content\/uploads\/2025\/05\/One-600x873.webp 600w, https:\/\/fuzionms.com\/wp-content\/uploads\/2025\/05\/One-206x300.webp 206w\" sizes=\"(max-width: 704px) 100vw, 704px\" \/>\t\t\t\t\t\t\t\t\t\t\t\t\t\t\t<\/div>\n\t\t\t\t<\/a>\n\t\t\t\t<\/div>\n\t\t<div class=\"elementor-element elementor-element-5040d16 e-con-full e-flex e-con e-child\" data-id=\"5040d16\" data-element_type=\"container\">\n\t\t<div class=\"elementor-element elementor-element-0743b02 e-con-full e-flex e-con e-child\" data-id=\"0743b02\" data-element_type=\"container\" data-settings=\"{&quot;background_background&quot;:&quot;classic&quot;}\">\n\t\t\t\t<div class=\"elementor-element elementor-element-5f0af41 elementor-invisible elementor-widget elementor-widget-heading\" data-id=\"5f0af41\" data-element_type=\"widget\" data-settings=\"{&quot;_animation&quot;:&quot;fadeInDown&quot;}\" data-widget_type=\"heading.default\">\n\t\t\t\t\t<span class=\"elementor-heading-title elementor-size-default\"><a href=\"https:\/\/fuzionms.com\/en\/product\/axis\/\">AXIS<\/a><\/span>\t\t\t\t<\/div>\n\t\t\t\t<div class=\"elementor-element elementor-element-2f499ce elementor-invisible elementor-widget elementor-widget-heading\" data-id=\"2f499ce\" data-element_type=\"widget\" data-settings=\"{&quot;_animation&quot;:&quot;fadeInDown&quot;}\" data-widget_type=\"heading.default\">\n\t\t\t\t\t<h2 class=\"elementor-heading-title elementor-size-default\">The <strong><em>light<\/em><\/strong> and <strong><em>compact<\/em><\/strong> roll-up\n<\/h2>\t\t\t\t<\/div>\n\t\t\t\t<div class=\"elementor-element elementor-element-46cfdc6 elementor-invisible elementor-widget elementor-widget-text-editor\" data-id=\"46cfdc6\" data-element_type=\"widget\" data-settings=\"{&quot;_animation&quot;:&quot;fadeIn&quot;,&quot;_animation_delay&quot;:200}\" data-widget_type=\"text-editor.default\">\n\t\t\t\t\t\t\t\t\t<p>With its retractable, self-locking stabilizer foot, the Axis banner offers perfect stability. Its telescopic pole allows for easy mounting can reach a height of 81\u2033. Its clip-on hanger at the top of the visual allows for easy visual restocking.<\/p><ul><li>Several sizes: 23.5\u2033, 33.25\u2033<\/li><li>Option to add an LED light on top<\/li><li>Simple image change (ECI)<\/li><li>Carrying case included<\/li><\/ul>\t\t\t\t\t\t\t\t<\/div>\n\t\t\t\t<div class=\"elementor-element elementor-element-9e3ba3e elementor-invisible elementor-widget elementor-widget-button\" data-id=\"9e3ba3e\" data-element_type=\"widget\" data-settings=\"{&quot;_animation&quot;:&quot;fadeInUp&quot;,&quot;_animation_delay&quot;:400}\" data-widget_type=\"button.default\">\n\t\t\t\t\t\t\t\t\t\t<a class=\"elementor-button elementor-button-link elementor-size-sm\" href=\"https:\/\/fuzionms.com\/en\/product\/axis\/\">\n\t\t\t\t\t\t<span class=\"elementor-button-content-wrapper\">\n\t\t\t\t\t\t\t\t\t<span class=\"elementor-button-text\">Buy this product<\/span>\n\t\t\t\t\t<\/span>\n\t\t\t\t\t<\/a>\n\t\t\t\t\t\t\t\t<\/div>\n\t\t\t\t<\/div>\n\t\t<a class=\"elementor-element elementor-element-768acb5 e-con-full e-flex elementor-invisible e-con e-child\" data-id=\"768acb5\" data-element_type=\"container\" data-settings=\"{&quot;animation&quot;:&quot;fadeIn&quot;,&quot;animation_delay&quot;:200}\" href=\"https:\/\/fuzionms.com\/en\/product\/axis\/\">\n\t\t\t\t<div class=\"elementor-element elementor-element-6d88370 elementor-invisible elementor-widget elementor-widget-image\" data-id=\"6d88370\" data-element_type=\"widget\" data-settings=\"{&quot;_animation&quot;:&quot;fadeIn&quot;,&quot;_animation_delay&quot;:200}\" data-widget_type=\"image.default\">\n\t\t\t\t\t\t\t\t\t\t\t\t\t\t\t<img alt=\"\" decoding=\"async\" width=\"704\" height=\"1024\" src=\"https:\/\/fuzionms.com\/wp-content\/uploads\/2025\/05\/Axis.webp\" class=\"attachment-large size-large wp-image-4024\" alt=\"\" srcset=\"https:\/\/fuzionms.com\/wp-content\/uploads\/2025\/05\/Axis.webp 704w, https:\/\/fuzionms.com\/wp-content\/uploads\/2025\/05\/Axis-600x873.webp 600w, https:\/\/fuzionms.com\/wp-content\/uploads\/2025\/05\/Axis-206x300.webp 206w\" sizes=\"(max-width: 704px) 100vw, 704px\" \/>\t\t\t\t\t\t\t\t\t\t\t\t\t\t\t<\/div>\n\t\t\t\t<\/a>\n\t\t\t\t<\/div>\n\t\t<div class=\"elementor-element elementor-element-a0aeb77 e-con-full e-flex e-con e-child\" data-id=\"a0aeb77\" data-element_type=\"container\">\n\t\t<div class=\"elementor-element elementor-element-b4a26cf e-con-full e-flex e-con e-child\" data-id=\"b4a26cf\" data-element_type=\"container\" data-settings=\"{&quot;background_background&quot;:&quot;classic&quot;}\">\n\t\t\t\t<div class=\"elementor-element elementor-element-a9d57b7 elementor-invisible elementor-widget elementor-widget-heading\" data-id=\"a9d57b7\" data-element_type=\"widget\" data-settings=\"{&quot;_animation&quot;:&quot;fadeInDown&quot;}\" data-widget_type=\"heading.default\">\n\t\t\t\t\t<span class=\"elementor-heading-title elementor-size-default\"><a href=\"https:\/\/fuzionms.com\/en\/contact\/\">Sprint<\/a><\/span>\t\t\t\t<\/div>\n\t\t\t\t<div class=\"elementor-element elementor-element-7ef350c elementor-invisible elementor-widget elementor-widget-heading\" data-id=\"7ef350c\" data-element_type=\"widget\" data-settings=\"{&quot;_animation&quot;:&quot;fadeInDown&quot;}\" data-widget_type=\"heading.default\">\n\t\t\t\t\t<h2 class=\"elementor-heading-title elementor-size-default\">The most <strong><em>versatile<\/em><\/strong> banner stand!\n<\/h2>\t\t\t\t<\/div>\n\t\t\t\t<div class=\"elementor-element elementor-element-42d0c52 elementor-invisible elementor-widget elementor-widget-text-editor\" data-id=\"42d0c52\" data-element_type=\"widget\" data-settings=\"{&quot;_animation&quot;:&quot;fadeIn&quot;,&quot;_animation_delay&quot;:200}\" data-widget_type=\"text-editor.default\">\n\t\t\t\t\t\t\t\t\t<p>With its adjustable ring and telescopic pole, the Sprint roll-up banner has an adjustable height of up to 102\u2033. Its automatic assembly is super fast thanks to its 3 legs connected by an elastic band.<\/p><ul><li>Several formats: 85\u2033, 31,5\u2033, 39\u2033 or 47\u2033<\/li><li>Single or double sided<\/li><li>Option to add an LED light on top<\/li><li>Simple image change (ECI)<\/li><li>Carrying case included<\/li><\/ul>\t\t\t\t\t\t\t\t<\/div>\n\t\t\t\t<div class=\"elementor-element elementor-element-481c24e elementor-invisible elementor-widget elementor-widget-button\" data-id=\"481c24e\" data-element_type=\"widget\" data-settings=\"{&quot;_animation&quot;:&quot;fadeInUp&quot;,&quot;_animation_delay&quot;:400}\" data-widget_type=\"button.default\">\n\t\t\t\t\t\t\t\t\t\t<a class=\"elementor-button elementor-button-link elementor-size-sm\" href=\"https:\/\/fuzionms.com\/en\/contact\/\">\n\t\t\t\t\t\t<span class=\"elementor-button-content-wrapper\">\n\t\t\t\t\t\t\t\t\t<span class=\"elementor-button-text\">Contact us<\/span>\n\t\t\t\t\t<\/span>\n\t\t\t\t\t<\/a>\n\t\t\t\t\t\t\t\t<\/div>\n\t\t\t\t<\/div>\n\t\t<a class=\"elementor-element elementor-element-ec48e7c e-con-full e-flex elementor-invisible e-con e-child\" data-id=\"ec48e7c\" data-element_type=\"container\" data-settings=\"{&quot;animation&quot;:&quot;fadeIn&quot;,&quot;animation_delay&quot;:200}\" href=\"https:\/\/fuzionms.com\/en\/contact\/\">\n\t\t\t\t<div class=\"elementor-element elementor-element-f8afacb elementor-invisible elementor-widget elementor-widget-image\" data-id=\"f8afacb\" data-element_type=\"widget\" data-settings=\"{&quot;_animation&quot;:&quot;fadeIn&quot;,&quot;_animation_delay&quot;:200}\" data-widget_type=\"image.default\">\n\t\t\t\t\t\t\t\t\t\t\t\t\t\t\t<img alt=\"\" decoding=\"async\" width=\"664\" height=\"1024\" src=\"https:\/\/fuzionms.com\/wp-content\/uploads\/2025\/05\/Porte-banniere-sprint-664x1024.webp\" class=\"attachment-large size-large wp-image-4040\" alt=\"\" srcset=\"https:\/\/fuzionms.com\/wp-content\/uploads\/2025\/05\/Porte-banniere-sprint-664x1024.webp 664w, https:\/\/fuzionms.com\/wp-content\/uploads\/2025\/05\/Porte-banniere-sprint-600x926.webp 600w, https:\/\/fuzionms.com\/wp-content\/uploads\/2025\/05\/Porte-banniere-sprint-194x300.webp 194w, https:\/\/fuzionms.com\/wp-content\/uploads\/2025\/05\/Porte-banniere-sprint.webp 704w\" sizes=\"(max-width: 664px) 100vw, 664px\" \/>\t\t\t\t\t\t\t\t\t\t\t\t\t\t\t<\/div>\n\t\t\t\t<\/a>\n\t\t\t\t<\/div>\n\t\t<div class=\"elementor-element elementor-element-16f9840 e-con-full e-flex e-con e-child\" data-id=\"16f9840\" data-element_type=\"container\">\n\t\t<div class=\"elementor-element elementor-element-54ba337 e-con-full e-flex e-con e-child\" data-id=\"54ba337\" data-element_type=\"container\" data-settings=\"{&quot;background_background&quot;:&quot;classic&quot;}\">\n\t\t\t\t<div class=\"elementor-element elementor-element-1a64e8b elementor-invisible elementor-widget elementor-widget-heading\" data-id=\"1a64e8b\" data-element_type=\"widget\" data-settings=\"{&quot;_animation&quot;:&quot;fadeInDown&quot;}\" data-widget_type=\"heading.default\">\n\t\t\t\t\t<h2 class=\"elementor-heading-title elementor-size-default\">Let\u2019s discuss your <strong><em>project<\/em><\/strong>.<\/h2>\t\t\t\t<\/div>\n\t\t\t\t<div class=\"elementor-element elementor-element-142dd8b elementor-invisible elementor-widget elementor-widget-text-editor\" data-id=\"142dd8b\" data-element_type=\"widget\" data-settings=\"{&quot;_animation&quot;:&quot;fadeIn&quot;,&quot;_animation_delay&quot;:200}\" data-widget_type=\"text-editor.default\">\n\t\t\t\t\t\t\t\t\t<p>We strive for excellence in all aspects of our work. With years of expertise, we have the knowledge and resources to help you create exhibition booths that will be remembered.<\/p>\t\t\t\t\t\t\t\t<\/div>\n\t\t\t\t<div class=\"elementor-element elementor-element-e66ddfd elementor-invisible elementor-widget elementor-widget-button\" data-id=\"e66ddfd\" data-element_type=\"widget\" data-settings=\"{&quot;_animation&quot;:&quot;fadeInUp&quot;,&quot;_animation_delay&quot;:400}\" data-widget_type=\"button.default\">\n\t\t\t\t\t\t\t\t\t\t<a class=\"elementor-button elementor-button-link elementor-size-sm\" href=\"https:\/\/fuzionms.com\/en\/contact\/\">\n\t\t\t\t\t\t<span class=\"elementor-button-content-wrapper\">\n\t\t\t\t\t\t\t\t\t<span class=\"elementor-button-text\">Contact us<\/span>\n\t\t\t\t\t<\/span>\n\t\t\t\t\t<\/a>\n\t\t\t\t\t\t\t\t<\/div>\n\t\t\t\t<\/div>\n\t\t<div class=\"elementor-element elementor-element-c6c8566 e-con-full e-flex e-con e-child\" data-id=\"c6c8566\" data-element_type=\"container\" data-settings=\"{&quot;background_background&quot;:&quot;classic&quot;,&quot;motion_fx_motion_fx_scrolling&quot;:&quot;yes&quot;,&quot;motion_fx_opacity_effect&quot;:&quot;yes&quot;,&quot;motion_fx_opacity_range&quot;:{&quot;unit&quot;:&quot;%&quot;,&quot;size&quot;:&quot;&quot;,&quot;sizes&quot;:{&quot;start&quot;:0,&quot;end&quot;:51}},&quot;motion_fx_opacity_direction&quot;:&quot;out-in&quot;,&quot;motion_fx_opacity_level&quot;:{&quot;unit&quot;:&quot;px&quot;,&quot;size&quot;:10,&quot;sizes&quot;:[]},&quot;motion_fx_devices&quot;:[&quot;desktop&quot;,&quot;laptop&quot;,&quot;tablet&quot;,&quot;mobile&quot;]}\">\n\t\t\t\t<\/div>\n\t\t\t\t<\/div>\n\t\t\t\t<\/div>\n\t\t\t\t<\/div>\n\t\t","protected":false},"excerpt":{"rendered":"<p>Roll-ups banners A rollup is a freestanding advertising display consisting of a wide strip of fabric or other material with printed content on it and a base in which the banner can be rolled up, making it easy to transport. Inexpensive and very lightweight, this type of product is just perfect for your next event [&hellip;]<\/p>\n","protected":false},"author":1,"featured_media":0,"parent":0,"menu_order":0,"comment_status":"closed","ping_status":"closed","template":"","meta":{"_acf_changed":false,"_seopress_robots_primary_cat":"","_seopress_titles_title":"Banni\u00e8res roll-ups %%sep%% Fuzion Marketing","_seopress_titles_desc":"Peu co\u00fbteuses et l\u00e9g\u00e8res, les banni\u00e8res roll-ups sont parfaites pour montrer une promotion ou une nouveaut\u00e9 dans votre kiosque d\u2019exposition.","_seopress_robots_index":"","footnotes":""},"class_list":["post-4426","page","type-page","status-publish","hentry"],"acf":[],"_links":{"self":[{"href":"https:\/\/fuzionms.com\/en\/wp-json\/wp\/v2\/pages\/4426","targetHints":{"allow":["GET"]}}],"collection":[{"href":"https:\/\/fuzionms.com\/en\/wp-json\/wp\/v2\/pages"}],"about":[{"href":"https:\/\/fuzionms.com\/en\/wp-json\/wp\/v2\/types\/page"}],"author":[{"embeddable":true,"href":"https:\/\/fuzionms.com\/en\/wp-json\/wp\/v2\/users\/1"}],"replies":[{"embeddable":true,"href":"https:\/\/fuzionms.com\/en\/wp-json\/wp\/v2\/comments?post=4426"}],"version-history":[{"count":32,"href":"https:\/\/fuzionms.com\/en\/wp-json\/wp\/v2\/pages\/4426\/revisions"}],"predecessor-version":[{"id":4983,"href":"https:\/\/fuzionms.com\/en\/wp-json\/wp\/v2\/pages\/4426\/revisions\/4983"}],"wp:attachment":[{"href":"https:\/\/fuzionms.com\/en\/wp-json\/wp\/v2\/media?parent=4426"}],"curies":[{"name":"wp","href":"https:\/\/api.w.org\/{rel}","templated":true}]}}